{"id":1084,"date":"2012-06-02T20:37:55","date_gmt":"2012-06-02T19:37:55","guid":{"rendered":"https:\/\/stmacairestandre.entransition.fr\/?page_id=1084"},"modified":"2012-10-12T19:06:39","modified_gmt":"2012-10-12T18:06:39","slug":"graines-de-transition-a-faire-germer","status":"publish","type":"page","link":"https:\/\/stmacairestandre.entransition.fr\/?page_id=1084","title":{"rendered":"Graines de transition \u00e0 faire germer"},"content":{"rendered":"<p>Lors de nos soir\u00e9es-d\u00e9bat nous avons r\u00e9colter collectivement de graines de transition \u00e0 faire germer ensemble&#8230;<\/p>\n<p><span style=\"text-decoration: underline;\"><strong>Se d\u00e9placer apr\u00e8s le p\u00e9trole :<a href=\"https:\/\/stmacairestandre.entransition.fr\/wp-content\/uploads\/2012\/06\/14abd22027.jpg\"><img loading=\"lazy\" decoding=\"async\" class=\"alignright size-full wp-image-1087\" title=\"14abd22027\" src=\"https:\/\/stmacairestandre.entransition.fr\/wp-content\/uploads\/2012\/06\/14abd22027.jpg\" alt=\"\" width=\"240\" height=\"179\" \/><\/a><\/strong><\/span><\/p>\n<p>&#8211; Rendre visible les alternatives par des actions \u00ab\u00a0journ\u00e9e sans voiture\u00a0\u00bb,<\/p>\n<p>&#8211; Cr\u00e9er une association de r\u00e9paration de v\u00e9los,<\/p>\n<p>&#8211; \u00c9changes de savoirs-faire pour entretenir et r\u00e9parer son v\u00e9lo ou autre,<\/p>\n<p>&#8211; Sensibiliser les enfants, les automobilistes au partage de la voie publique,<\/p>\n<p>&#8211; Inviter les \u00e9lus \u00e0 exp\u00e9rimenter les d\u00e9placements doux aux heures de pointe,<\/p>\n<p>&#8211; Informer sur les sites facilitant co-voiturage, transports en commun, \u00e9changes de jobs,<\/p>\n<p>&#8211; Cr\u00e9er de nouveaux transports collectifs ? Transport \u00e0 la demande entre les communes, d\u00e9veloppement du p\u00e9dibus, cr\u00e9ation d\u2019un hippobus pour les \u00e9carts ?<\/p>\n<p><span style=\"text-decoration: underline;\"><strong>Se nourrir apr\u00e8s le p\u00e9trole :<a href=\"https:\/\/stmacairestandre.entransition.fr\/wp-content\/uploads\/2012\/06\/31293914.jpg\"><img loading=\"lazy\" decoding=\"async\" class=\"alignright size-full wp-image-1088\" title=\"31293914\" src=\"https:\/\/stmacairestandre.entransition.fr\/wp-content\/uploads\/2012\/06\/31293914.jpg\" alt=\"\" width=\"236\" height=\"156\" srcset=\"https:\/\/stmacairestandre.entransition.fr\/wp-content\/uploads\/2012\/06\/31293914.jpg 800w, https:\/\/stmacairestandre.entransition.fr\/wp-content\/uploads\/2012\/06\/31293914-300x198.jpg 300w\" sizes=\"auto, (max-width: 236px) 100vw, 236px\" \/><\/a><\/strong><\/span><\/p>\n<ul>\n<li>Jardin collectif<\/li>\n<li>Ateliers \td&rsquo;apprentissage du jardinage au naturel (adultes, enfants&#8230;)<\/li>\n<li>Echanges de savoir \ten cuisine (+conservation des aliments) et d\u00e9gustation collective<\/li>\n<li>Apprendre \u00e0 \tcuisiner autrement\u00a0: plantes sauvages, v\u00e9g\u00e9tarisme<\/li>\n<li>Atelier de \tr\u00e9alisation de composteur, de toilettes s\u00e8ches<\/li>\n<li>Achat collectif d&rsquo;un \tbroyeur de d\u00e9chet de taille<\/li>\n<li>Inviter les \tcollectivit\u00e9s locales \u00e0 planter des arbres \u00ab\u00a0comestibles\u00a0\u00bb \t(fruitiers, noisetiers, ch\u00e2taigners) et cr\u00e9er des potagers libres \tdans les espaces verts<\/li>\n<li>Faire des r\u00e9coltes \tcollectives pour les associations caritatives ou pour faire une \tsoupe publique (ou populaire)<\/li>\n<li>Adh\u00e9rer en nombre \u00e0 \tla future AMAP afin de cr\u00e9er du lien direct entre consomm&rsquo;acteurs \tet producteurs et inciter les producteurs locaux \u00e0 passer \u00e0 la bio<\/li>\n<li>Cr\u00e9er de la \tsolidarit\u00e9\u00a0: SEL en projet au Centre Social<\/li>\n<\/ul>\n<p><span style=\"text-decoration: underline;\"><strong>Se soigner apr\u00e8s le p\u00e9trole :<\/strong><\/span><\/p>\n<ul>\n<li>\u00e9changes de savoir autour de la \tsant\u00e9 et des recettes de grand-m\u00e8re<\/li>\n<li>d\u00e9velopper une production locale \tde plantes m\u00e9dicinales (AMAP?)<\/li>\n<li>sensibiliser aux liens entre \tenvironnement et sant\u00e9 (d\u00e9chets, habitat, aliments, eau, air)<\/li>\n<li>sensibiliser \u00e0 une alimentation \tsaine<\/li>\n<\/ul>\n<p><span style=\"text-decoration: underline;\"><strong>Se chauffer apr\u00e8s le p\u00e9trole :<\/strong><\/span><\/p>\n<p>&#8211; <span style=\"font-family: Arial,sans-serif;\">S<\/span><span style=\"font-family: Arial,sans-serif;\">&lsquo;<\/span><span style=\"font-family: Arial,sans-serif;\">informer<\/span><span style=\"font-family: Arial,sans-serif;\">\/<\/span><span style=\"font-family: Arial,sans-serif;\">informer<\/span><span style=\"font-family: Arial,sans-serif;\"> <\/span><span style=\"font-family: Arial,sans-serif;\">sur<\/span><span style=\"font-family: Arial,sans-serif;\"> <\/span><span style=\"font-family: Arial,sans-serif;\">les<\/span><span style=\"font-family: Arial,sans-serif;\"> <\/span><span style=\"font-family: Arial,sans-serif;\">techniques<\/span><span style=\"font-family: Arial,sans-serif;\"> <\/span><span style=\"font-family: Arial,sans-serif;\">d<\/span><span style=\"font-family: Arial,sans-serif;\">&lsquo;<\/span><span style=\"font-family: Arial,sans-serif;\">isolation<\/span><span style=\"font-family: Arial,sans-serif;\"> <\/span><span style=\"font-family: Arial,sans-serif;\">et<\/span><span style=\"font-family: Arial,sans-serif;\"> <\/span><span style=\"font-family: Arial,sans-serif;\">de<\/span><span style=\"font-family: Arial,sans-serif;\"> <\/span><span style=\"font-family: Arial,sans-serif;\">chauffages<\/span><span style=\"font-family: Arial,sans-serif;\"> <\/span><span style=\"font-family: Arial,sans-serif;\">alternatifs<\/span><span style=\"font-family: Arial,sans-serif;\"> <\/span><span style=\"font-family: Arial,sans-serif;\">aux<\/span><span style=\"font-family: Arial,sans-serif;\"> <\/span><span style=\"font-family: Arial,sans-serif;\">\u00e9nergies<\/span><span style=\"font-family: Arial,sans-serif;\"> <\/span><span style=\"font-family: Arial,sans-serif;\">fossiles<\/span><span style=\"font-family: Arial,sans-serif;\"><br \/>\n&#8211; <\/span><span style=\"font-family: Arial,sans-serif;\">T\u00e9moigner<\/span><span style=\"font-family: Arial,sans-serif;\"> <\/span><span style=\"font-family: Arial,sans-serif;\">sur<\/span><span style=\"font-family: Arial,sans-serif;\"> <\/span><span style=\"font-family: Arial,sans-serif;\">des<\/span><span style=\"font-family: Arial,sans-serif;\"> <\/span><span style=\"font-family: Arial,sans-serif;\">exp\u00e9riences<\/span><span style=\"font-family: Arial,sans-serif;\"> <\/span><span style=\"font-family: Arial,sans-serif;\">r\u00e9ussies<\/span><span style=\"font-family: Arial,sans-serif;\"> (<\/span><span style=\"font-family: Arial,sans-serif;\">\u00e9changes<\/span><span style=\"font-family: Arial,sans-serif;\"> <\/span><span style=\"font-family: Arial,sans-serif;\">de<\/span><span style=\"font-family: Arial,sans-serif;\"> <\/span><span style=\"font-family: Arial,sans-serif;\">savoirs<\/span><span style=\"font-family: Arial,sans-serif;\">&#8211;<\/span><span style=\"font-family: Arial,sans-serif;\">faire<\/span><span style=\"font-family: Arial,sans-serif;\">)<br \/>\n&#8211; <\/span><span style=\"font-family: Arial,sans-serif;\">D\u00e9velopper<\/span><span style=\"font-family: Arial,sans-serif;\"> <\/span><span style=\"font-family: Arial,sans-serif;\">l<\/span><span style=\"font-family: Arial,sans-serif;\">&lsquo;<\/span><span style=\"font-family: Arial,sans-serif;\">auto<\/span><span style=\"font-family: Arial,sans-serif;\">&#8211;<\/span><span style=\"font-family: Arial,sans-serif;\">construction<\/span><span style=\"font-family: Arial,sans-serif;\"> (<\/span><span style=\"font-family: Arial,sans-serif;\">les<\/span><span style=\"font-family: Arial,sans-serif;\"> <\/span><span style=\"font-family: Arial,sans-serif;\">Castors<\/span><span style=\"font-family: Arial,sans-serif;\"> <\/span><span style=\"font-family: Arial,sans-serif;\">avaient<\/span><span style=\"font-family: Arial,sans-serif;\"> <\/span><span style=\"font-family: Arial,sans-serif;\">montr\u00e9<\/span><span style=\"font-family: Arial,sans-serif;\"> <\/span><span style=\"font-family: Arial,sans-serif;\">la<\/span><span style=\"font-family: Arial,sans-serif;\"> <\/span><span style=\"font-family: Arial,sans-serif;\">voie<\/span><span style=\"font-family: Arial,sans-serif;\">) <\/span><span style=\"font-family: Arial,sans-serif;\">et<\/span><span style=\"font-family: Arial,sans-serif;\"> <\/span><span style=\"font-family: Arial,sans-serif;\">les<\/span><span style=\"font-family: Arial,sans-serif;\"> <\/span><span style=\"font-family: Arial,sans-serif;\">habitats<\/span><span style=\"font-family: Arial,sans-serif;\"> <\/span><span style=\"font-family: Arial,sans-serif;\">partag\u00e9s<\/span><span style=\"font-family: Arial,sans-serif;\"><br \/>\n&#8211; <\/span><span style=\"font-family: Arial,sans-serif;\">Eduquer<\/span><span style=\"font-family: Arial,sans-serif;\"> <\/span><span style=\"font-family: Arial,sans-serif;\">les<\/span><span style=\"font-family: Arial,sans-serif;\"> <\/span><span style=\"font-family: Arial,sans-serif;\">jeunes<\/span><span style=\"font-family: Arial,sans-serif;\"> <\/span><span style=\"font-family: Arial,sans-serif;\">et<\/span><span style=\"font-family: Arial,sans-serif;\"> <\/span><span style=\"font-family: Arial,sans-serif;\">les<\/span><span style=\"font-family: Arial,sans-serif;\"> <\/span><span style=\"font-family: Arial,sans-serif;\">enfants<\/span><span style=\"font-family: Arial,sans-serif;\"> <\/span><span style=\"font-family: Arial,sans-serif;\">sur<\/span><span style=\"font-family: Arial,sans-serif;\"> <\/span><span style=\"font-family: Arial,sans-serif;\">l<\/span><span style=\"font-family: Arial,sans-serif;\">&lsquo;<\/span><span style=\"font-family: Arial,sans-serif;\">importance<\/span><span style=\"font-family: Arial,sans-serif;\"> <\/span><span style=\"font-family: Arial,sans-serif;\">de<\/span><span style=\"font-family: Arial,sans-serif;\"> <\/span><span style=\"font-family: Arial,sans-serif;\">pr\u00e9server<\/span><span style=\"font-family: Arial,sans-serif;\"> <\/span><span style=\"font-family: Arial,sans-serif;\">les<\/span><span style=\"font-family: Arial,sans-serif;\"> <\/span><span style=\"font-family: Arial,sans-serif;\">ressources<\/span><span style=\"font-family: Arial,sans-serif;\"><br \/>\n&#8211; <\/span><span style=\"font-family: Arial,sans-serif;\">Inviter<\/span><span style=\"font-family: Arial,sans-serif;\"> <\/span><span style=\"font-family: Arial,sans-serif;\">les<\/span><span style=\"font-family: Arial,sans-serif;\"> <\/span><span style=\"font-family: Arial,sans-serif;\">collectivit\u00e9s<\/span><span style=\"font-family: Arial,sans-serif;\">, <\/span><span style=\"font-family: Arial,sans-serif;\">les<\/span><span style=\"font-family: Arial,sans-serif;\"> <\/span><span style=\"font-family: Arial,sans-serif;\">particuliers<\/span><span style=\"font-family: Arial,sans-serif;\">, <\/span><span style=\"font-family: Arial,sans-serif;\">les<\/span><span style=\"font-family: Arial,sans-serif;\"> <\/span><span style=\"font-family: Arial,sans-serif;\">agriculteurs<\/span><span style=\"font-family: Arial,sans-serif;\"> <\/span><span style=\"font-family: Arial,sans-serif;\">\u00e0<\/span><span style=\"font-family: Arial,sans-serif;\"> <\/span><span style=\"font-family: Arial,sans-serif;\">planter<\/span><span style=\"font-family: Arial,sans-serif;\"> <\/span><span style=\"font-family: Arial,sans-serif;\">haies<\/span><span style=\"font-family: Arial,sans-serif;\"> <\/span><span style=\"font-family: Arial,sans-serif;\">et<\/span><span style=\"font-family: Arial,sans-serif;\"> <\/span><span style=\"font-family: Arial,sans-serif;\">arbres<\/span><span style=\"font-family: Arial,sans-serif;\"> <\/span><span style=\"font-family: Arial,sans-serif;\">pour<\/span><span style=\"font-family: Arial,sans-serif;\"> <\/span><span style=\"font-family: Arial,sans-serif;\">d\u00e9velopper<\/span><span style=\"font-family: Arial,sans-serif;\"> <\/span><span style=\"font-family: Arial,sans-serif;\">la<\/span><span style=\"font-family: Arial,sans-serif;\"> <\/span><span style=\"font-family: Arial,sans-serif;\">ressource<\/span><span style=\"font-family: Arial,sans-serif;\"> <\/span><span style=\"font-family: Arial,sans-serif;\">bois<\/span><span style=\"font-family: Arial,sans-serif;\"><br \/>\n&#8211; <\/span><span style=\"font-family: Arial,sans-serif;\">R\u00e9duire<\/span><span style=\"font-family: Arial,sans-serif;\"> <\/span><span style=\"font-family: Arial,sans-serif;\">les<\/span><span style=\"font-family: Arial,sans-serif;\"> <\/span><span style=\"font-family: Arial,sans-serif;\">consommations<\/span><span style=\"font-family: Arial,sans-serif;\"> <\/span><span style=\"font-family: Arial,sans-serif;\">d<\/span><span style=\"font-family: Arial,sans-serif;\">&lsquo;<\/span><span style=\"font-family: Arial,sans-serif;\">\u00e9nergie <\/span><span style=\"font-family: Arial,sans-serif;\"> : <\/span><span style=\"font-family: Arial,sans-serif;\">l<\/span><span style=\"font-family: Arial,sans-serif;\">&lsquo;<\/span><span style=\"font-family: Arial,sans-serif;\">initiative<\/span><span style=\"font-family: Arial,sans-serif;\"> \u00ab\u00a0<\/span><span style=\"font-family: Arial,sans-serif;\">Familles<\/span><span style=\"font-family: Arial,sans-serif;\"> <\/span><span style=\"font-family: Arial,sans-serif;\">\u00e0<\/span><span style=\"font-family: Arial,sans-serif;\"> <\/span><span style=\"font-family: Arial,sans-serif;\">\u00e9nergie<\/span><span style=\"font-family: Arial,sans-serif;\"> <\/span><span style=\"font-family: Arial,sans-serif;\">positive<\/span><span style=\"font-family: Arial,sans-serif;\">\u00a0\u00bb <\/span><span style=\"font-family: Arial,sans-serif;\">est<\/span><span style=\"font-family: Arial,sans-serif;\"> <\/span><span style=\"font-family: Arial,sans-serif;\">une<\/span><span style=\"font-family: Arial,sans-serif;\"> <\/span><span style=\"font-family: Arial,sans-serif;\">d\u00e9marche<\/span><span style=\"font-family: Arial,sans-serif;\"> <\/span><span style=\"font-family: Arial,sans-serif;\">tr\u00e8s<\/span><span style=\"font-family: Arial,sans-serif;\"> <\/span><span style=\"font-family: Arial,sans-serif;\">int\u00e9ressante<\/span><span style=\"font-family: Arial,sans-serif;\"> (<\/span><span style=\"font-family: Arial,sans-serif;\">voir<\/span><span style=\"font-family: Arial,sans-serif;\"> <\/span><span style=\"font-family: Arial,sans-serif;\">avec<\/span><span style=\"font-family: Arial,sans-serif;\"> <\/span><span style=\"font-family: Arial,sans-serif;\">CPIE<\/span><span style=\"font-family: Arial,sans-serif;\">)<br \/>\n&#8211; <\/span><span style=\"font-family: Arial,sans-serif;\">D\u00e9velopper<\/span><span style=\"font-family: Arial,sans-serif;\"> <\/span><span style=\"font-family: Arial,sans-serif;\">les<\/span><span style=\"font-family: Arial,sans-serif;\"> <\/span><span style=\"font-family: Arial,sans-serif;\">bilans<\/span><span style=\"font-family: Arial,sans-serif;\"> <\/span><span style=\"font-family: Arial,sans-serif;\">thermiques<\/span><span style=\"font-family: Arial,sans-serif;\"> : <\/span><span style=\"font-family: Arial,sans-serif;\">une<\/span><span style=\"font-family: Arial,sans-serif;\"> <\/span><span style=\"font-family: Arial,sans-serif;\">d\u00e9marche<\/span><span style=\"font-family: Arial,sans-serif;\"> <\/span><span style=\"font-family: Arial,sans-serif;\">collective<\/span><span style=\"font-family: Arial,sans-serif;\"> <\/span><span style=\"font-family: Arial,sans-serif;\">permettrait<\/span><span style=\"font-family: Arial,sans-serif;\"> <\/span><span style=\"font-family: Arial,sans-serif;\">de<\/span><span style=\"font-family: Arial,sans-serif;\"> <\/span><span style=\"font-family: Arial,sans-serif;\">sensibiliser<\/span><span style=\"font-family: Arial,sans-serif;\"> <\/span><span style=\"font-family: Arial,sans-serif;\">et<\/span><span style=\"font-family: Arial,sans-serif;\"> <\/span><span style=\"font-family: Arial,sans-serif;\">de<\/span><span style=\"font-family: Arial,sans-serif;\"> <\/span><span style=\"font-family: Arial,sans-serif;\">permettre<\/span><span style=\"font-family: Arial,sans-serif;\"> <\/span><span style=\"font-family: Arial,sans-serif;\">au<\/span><span style=\"font-family: Arial,sans-serif;\"> <\/span><span style=\"font-family: Arial,sans-serif;\">plus<\/span><span style=\"font-family: Arial,sans-serif;\"> <\/span><span style=\"font-family: Arial,sans-serif;\">grand<\/span><span style=\"font-family: Arial,sans-serif;\"> <\/span><span style=\"font-family: Arial,sans-serif;\">nombre<\/span><span style=\"font-family: Arial,sans-serif;\"> <\/span><span style=\"font-family: Arial,sans-serif;\">de<\/span><span style=\"font-family: Arial,sans-serif;\"> <\/span><span style=\"font-family: Arial,sans-serif;\">conna\u00eetre<\/span><span style=\"font-family: Arial,sans-serif;\"> <\/span><span style=\"font-family: Arial,sans-serif;\">les<\/span><span style=\"font-family: Arial,sans-serif;\"> <\/span><span style=\"font-family: Arial,sans-serif;\">failles<\/span><span style=\"font-family: Arial,sans-serif;\"> <\/span><span style=\"font-family: Arial,sans-serif;\">de<\/span><span style=\"font-family: Arial,sans-serif;\"> <\/span><span style=\"font-family: Arial,sans-serif;\">l<\/span><span style=\"font-family: Arial,sans-serif;\">&lsquo;<\/span><span style=\"font-family: Arial,sans-serif;\">isolation<\/span><span style=\"font-family: Arial,sans-serif;\"> <\/span><span style=\"font-family: Arial,sans-serif;\">de<\/span><span style=\"font-family: Arial,sans-serif;\"> <\/span><span style=\"font-family: Arial,sans-serif;\">son<\/span><span style=\"font-family: Arial,sans-serif;\"> <\/span><span style=\"font-family: Arial,sans-serif;\">habitat<\/span><span style=\"font-family: Arial,sans-serif;\"> (<\/span><span style=\"font-family: Arial,sans-serif;\">le<\/span><span style=\"font-family: Arial,sans-serif;\"> <\/span><span style=\"font-family: Arial,sans-serif;\">CPIE<\/span><span style=\"font-family: Arial,sans-serif;\"> <\/span><span style=\"font-family: Arial,sans-serif;\">pourrait<\/span><span style=\"font-family: Arial,sans-serif;\"> <\/span><span style=\"font-family: Arial,sans-serif;\">peut<\/span><span style=\"font-family: Arial,sans-serif;\">&#8211;<\/span><span style=\"font-family: Arial,sans-serif;\">\u00eatre<\/span><span style=\"font-family: Arial,sans-serif;\"> <\/span><span style=\"font-family: Arial,sans-serif;\">nous<\/span><span style=\"font-family: Arial,sans-serif;\"> <\/span><span style=\"font-family: Arial,sans-serif;\">aider<\/span><span style=\"font-family: Arial,sans-serif;\"> ?)<br \/>\n<\/span><\/p>\n","protected":false},"excerpt":{"rendered":"<p>Lors de nos soir\u00e9es-d\u00e9bat nous avons r\u00e9colter collectivement de graines de transition \u00e0 faire germer ensemble&#8230; Se d\u00e9placer apr\u00e8s le p\u00e9trole : &#8211; Rendre visible les alternatives par des actions \u00ab\u00a0journ\u00e9e sans voiture\u00a0\u00bb, &#8211; Cr\u00e9er une association de r\u00e9paration de v\u00e9los, &#8211; \u00c9changes de savoirs-faire pour entretenir et r\u00e9parer son v\u00e9lo ou autre, &#8211; Sensibiliser <a class=\"more-link\" href=\"https:\/\/stmacairestandre.entransition.fr\/?page_id=1084\">Lire plus &#8230;<\/a><\/p>\n","protected":false},"author":2,"featured_media":0,"parent":0,"menu_order":0,"comment_status":"open","ping_status":"open","template":"","meta":{"footnotes":""},"class_list":["post-1084","page","type-page","status-publish","hentry"],"_links":{"self":[{"href":"https:\/\/stmacairestandre.entransition.fr\/index.php?rest_route=\/wp\/v2\/pages\/1084","targetHints":{"allow":["GET"]}}],"collection":[{"href":"https:\/\/stmacairestandre.entransition.fr\/index.php?rest_route=\/wp\/v2\/pages"}],"about":[{"href":"https:\/\/stmacairestandre.entransition.fr\/index.php?rest_route=\/wp\/v2\/types\/page"}],"author":[{"embeddable":true,"href":"https:\/\/stmacairestandre.entransition.fr\/index.php?rest_route=\/wp\/v2\/users\/2"}],"replies":[{"embeddable":true,"href":"https:\/\/stmacairestandre.entransition.fr\/index.php?rest_route=%2Fwp%2Fv2%2Fcomments&post=1084"}],"version-history":[{"count":5,"href":"https:\/\/stmacairestandre.entransition.fr\/index.php?rest_route=\/wp\/v2\/pages\/1084\/revisions"}],"predecessor-version":[{"id":1089,"href":"https:\/\/stmacairestandre.entransition.fr\/index.php?rest_route=\/wp\/v2\/pages\/1084\/revisions\/1089"}],"wp:attachment":[{"href":"https:\/\/stmacairestandre.entransition.fr\/index.php?rest_route=%2Fwp%2Fv2%2Fmedia&parent=1084"}],"curies":[{"name":"wp","href":"https:\/\/api.w.org\/{rel}","templated":true}]}}