{"id":1154,"date":"2012-12-12T22:10:45","date_gmt":"2012-12-12T21:10:45","guid":{"rendered":"https:\/\/stmacairestandre.entransition.fr\/?page_id=1154"},"modified":"2013-04-01T21:57:47","modified_gmt":"2013-04-01T20:57:47","slug":"seconde-epoque-2012-et-apres-groupes-de-travail-et-comite-de-liaison","status":"publish","type":"page","link":"https:\/\/stmacairestandre.entransition.fr\/?page_id=1154","title":{"rendered":"Fonctionnement du collectif"},"content":{"rendered":"<p style=\"text-align: justify;\" lang=\"fr-FR\">Ce fonctionnement s&rsquo;est mis en place apr\u00e8s notre grand lancement du 10\/11\/12 qui a permis l&rsquo;\u00e9largissement du collectif et la mise en place de groupes de travail\/groupes-projets. Notre fonctionnement n&rsquo;est pas fig\u00e9 et se modifie selon les besoins et les envies des membres du collectif.\u00a0<a href=\"https:\/\/stmacairestandre.entransition.fr\/wp-content\/uploads\/2012\/12\/organisation-du-collectif.jpg\"><img loading=\"lazy\" decoding=\"async\" class=\"aligncenter size-large wp-image-1304\" title=\"organisation du collectif\" src=\"https:\/\/stmacairestandre.entransition.fr\/wp-content\/uploads\/2012\/12\/organisation-du-collectif-1024x724.jpg\" alt=\"\" width=\"640\" height=\"452\" srcset=\"https:\/\/stmacairestandre.entransition.fr\/wp-content\/uploads\/2012\/12\/organisation-du-collectif-1024x724.jpg 1024w, https:\/\/stmacairestandre.entransition.fr\/wp-content\/uploads\/2012\/12\/organisation-du-collectif-300x212.jpg 300w, https:\/\/stmacairestandre.entransition.fr\/wp-content\/uploads\/2012\/12\/organisation-du-collectif.jpg 1123w\" sizes=\"auto, (max-width: 640px) 100vw, 640px\" \/><\/a><\/p>\n<p style=\"text-align: justify;\"><strong>Chacun des groupes de travail a pour objectifs :<\/strong><\/p>\n<ul style=\"text-align: justify;\">\n<li><span style=\"font-style: italic;\">mettre en place des actions locales r\u00e9silientes sur leur th\u00e8mes<\/span><\/li>\n<li><span style=\"font-style: italic;\">nommer des d\u00e9l\u00e9gu\u00e9s pour le Comit\u00e9 de Liaison<\/span><\/li>\n<li><span style=\"font-style: italic;\">participer au futur Plan d&rsquo;Action de Descente Energ\u00e9tique et de R\u00e9silience Locale<\/span><\/li>\n<\/ul>\n<p style=\"text-align: justify;\"><strong>Le Comit\u00e9 de Liaison (ouvert \u00e0 toutes et tous) a pour objectifs :<\/strong><\/p>\n<ul style=\"text-align: justify;\">\n<li><span style=\"font-style: italic;\">garantir les principes et les valeurs du mouvement transition,<\/span><\/li>\n<li><span style=\"font-style: italic;\">communiquer les infos utiles aux Groupes de Travail,<\/span><\/li>\n<li><span style=\"font-style: italic;\">faire le lien entre les groupes et v\u00e9rifier la coh\u00e9rence entre les projets d&rsquo;action des groupes (dont dates et lieux),<\/span><\/li>\n<li><span style=\"font-style: italic;\">assurer la communication \u00e0 l&rsquo;ext\u00e9rieur,<\/span><\/li>\n<li><span style=\"font-style: italic;\">accompagner et centraliser le futur travail sur le plan d&rsquo;action de r\u00e9silience locale et de descente \u00e9nerg\u00e9tique.<\/span><\/li>\n<\/ul>\n<p style=\"text-align: justify;\"><em> <\/em><\/p>\n<p style=\"text-align: justify;\"><em> <\/em><\/p>\n<p style=\"text-align: justify;\"><em> <\/em><\/p>\n<p style=\"text-align: justify;\"><em> <\/em><\/p>\n<p style=\"text-align: justify;\"><strong>St Macaire &#8211; St Andr\u00e9 en Transition<\/strong> a opt\u00e9 pour un fonctionnement coll\u00e9gial, sans hi\u00e9rarchie entre les groupes. Le collectif est ouvert aux habitants de nos deux communes qui se reconnaissent dans ce mouvement citoyen.<a style=\"color: #ff4b33; line-height: 24px; font-weight: bold;\" href=\"https:\/\/stmacairestandre.entransition.fr\/wp-content\/uploads\/2011\/02\/logo-st-macaire-st-andr%C3%A9-en-transition.jpg\"><img loading=\"lazy\" decoding=\"async\" class=\"alignright\" title=\"logo st macaire st andr\u00e9 en transition\" src=\"https:\/\/stmacairestandre.entransition.fr\/wp-content\/uploads\/2011\/02\/logo-st-macaire-st-andr%C3%A9-en-transition.jpg\" alt=\"\" width=\"172\" height=\"151\" \/><\/a><\/p>\n","protected":false},"excerpt":{"rendered":"<p>Ce fonctionnement s&rsquo;est mis en place apr\u00e8s notre grand lancement du 10\/11\/12 qui a permis l&rsquo;\u00e9largissement du collectif et la mise en place de groupes de travail\/groupes-projets. Notre fonctionnement n&rsquo;est pas fig\u00e9 et se modifie selon les besoins et les envies des membres du collectif.\u00a0 Chacun des groupes de travail a pour objectifs : mettre <a class=\"more-link\" href=\"https:\/\/stmacairestandre.entransition.fr\/?page_id=1154\">Lire plus &#8230;<\/a><\/p>\n","protected":false},"author":2,"featured_media":0,"parent":0,"menu_order":0,"comment_status":"open","ping_status":"open","template":"","meta":{"footnotes":""},"class_list":["post-1154","page","type-page","status-publish","hentry"],"_links":{"self":[{"href":"https:\/\/stmacairestandre.entransition.fr\/index.php?rest_route=\/wp\/v2\/pages\/1154","targetHints":{"allow":["GET"]}}],"collection":[{"href":"https:\/\/stmacairestandre.entransition.fr\/index.php?rest_route=\/wp\/v2\/pages"}],"about":[{"href":"https:\/\/stmacairestandre.entransition.fr\/index.php?rest_route=\/wp\/v2\/types\/page"}],"author":[{"embeddable":true,"href":"https:\/\/stmacairestandre.entransition.fr\/index.php?rest_route=\/wp\/v2\/users\/2"}],"replies":[{"embeddable":true,"href":"https:\/\/stmacairestandre.entransition.fr\/index.php?rest_route=%2Fwp%2Fv2%2Fcomments&post=1154"}],"version-history":[{"count":11,"href":"https:\/\/stmacairestandre.entransition.fr\/index.php?rest_route=\/wp\/v2\/pages\/1154\/revisions"}],"predecessor-version":[{"id":1184,"href":"https:\/\/stmacairestandre.entransition.fr\/index.php?rest_route=\/wp\/v2\/pages\/1154\/revisions\/1184"}],"wp:attachment":[{"href":"https:\/\/stmacairestandre.entransition.fr\/index.php?rest_route=%2Fwp%2Fv2%2Fmedia&parent=1154"}],"curies":[{"name":"wp","href":"https:\/\/api.w.org\/{rel}","templated":true}]}}