{"id":1265,"date":"2013-04-01T20:32:57","date_gmt":"2013-04-01T19:32:57","guid":{"rendered":"https:\/\/stmacairestandre.entransition.fr\/?page_id=1265"},"modified":"2013-04-01T20:37:28","modified_gmt":"2013-04-01T19:37:28","slug":"villes-et-territoires-en-transition","status":"publish","type":"page","link":"https:\/\/stmacairestandre.entransition.fr\/?page_id=1265","title":{"rendered":"Villes et Territoires en Transition"},"content":{"rendered":"<p style=\"text-align: justify;\">La transition est un mouvement cr\u00e9e en Angleterre par Rob Hopkins.<\/p>\n<h2 style=\"text-align: justify;\">Il s\u2019agit d\u2019inciter les citoyens d\u2019un territoire (village, commune, ville, quartier, territoire, \u00eele, for\u00eat\u2026) \u00e0 prendre conscience du pic p\u00e9trolier et du changement climatique, et de leurs cons\u00e9quences profondes.<\/h2>\n<p style=\"text-align: justify;\">Le concept central du mouvement de transition est la r\u00e9silience, c\u2019est la capacit\u00e9 d\u2019un syst\u00e8me \u00e0 r\u00e9agir aux crises et \u00e0 \u00eatre autonome.<\/p>\n<p style=\"text-align: justify;\">Des milliers d\u2019initiatives de Transition existent maintenant et coop\u00e8rent pour r\u00e9duire radicalement leurs \u00e9missions de gaz carbonique tout en d\u00e9veloppant leur r\u00e9silience (en diminuant leur vuln\u00e9rabilit\u00e9) pour pouvoir faire face \u00e0 un avenir incertain. La Transition est un processus qui propose des cheminements, de nouveaux modes de pens\u00e9e et toute une panoplie d\u2019outils qui pourraient nous aider \u00e0 r\u00e9pondre aux chocs auxquels nous sommes confront\u00e9s.<\/p>\n<p>Pour aller plus loin &#8230;<\/p>\n<p>Le site national : <a href=\"http:\/\/www.transitionfrance.fr\/\">http:\/\/www.transitionfrance.fr\/<\/a><\/p>\n<p>La vid\u00e9o officielle du mouvement TRANSITION doubl\u00e9 par nos amis qu\u00e9b\u00e9cois :<\/p>\n<p><a href=\"http:\/\/vimeo.com\/16000409\">In Transition 1.0 with French subtitles<\/a> from\u00a0<a href=\"http:\/\/vimeo.com\/transitiontowns\">Transition Towns<\/a> on\u00a0<a href=\"http:\/\/vimeo.com\">Vimeo<\/a>.<\/p>\n<p>\u00ab\u00a0Manuel de Transition\u00a0\u00bb\u00a0de Rob Hopkins &#8211; Ed. Silence\/Ecosoci\u00e9t\u00e9<\/p>\n<p>_<a href=\"https:\/\/stmacairestandre.entransition.fr\/wp-content\/uploads\/2012\/01\/image-manuel-transition.jpg\"><img loading=\"lazy\" decoding=\"async\" title=\"image manuel transition\" src=\"https:\/\/stmacairestandre.entransition.fr\/wp-content\/uploads\/2012\/01\/image-manuel-transition.jpg\" alt=\"\" width=\"300\" height=\"300\" \/><\/a>_<\/p>\n<p>\u00ab\u00a0Prosperit\u00e9 sans croissance\u00a0\u00bb\u00a0de Tim Jackson &#8211; Ed. de Boeck<\/p>\n<p><a href=\"https:\/\/stmacairestandre.entransition.fr\/wp-content\/uploads\/2012\/01\/image-prosp\u00e9rit\u00e9-sans-croissance.jpg\"><img loading=\"lazy\" decoding=\"async\" title=\"image prosp\u00e9rit\u00e9 sans croissance\" src=\"https:\/\/stmacairestandre.entransition.fr\/wp-content\/uploads\/2012\/01\/image-prosp\u00e9rit\u00e9-sans-croissance.jpg\" alt=\"\" width=\"300\" height=\"300\" \/><\/a>_<\/p>\n","protected":false},"excerpt":{"rendered":"<p>La transition est un mouvement cr\u00e9e en Angleterre par Rob Hopkins. Il s\u2019agit d\u2019inciter les citoyens d\u2019un territoire (village, commune, ville, quartier, territoire, \u00eele, for\u00eat\u2026) \u00e0 prendre conscience du pic p\u00e9trolier et du changement climatique, et de leurs cons\u00e9quences profondes. Le concept central du mouvement de transition est la r\u00e9silience, c\u2019est la capacit\u00e9 d\u2019un syst\u00e8me <a class=\"more-link\" href=\"https:\/\/stmacairestandre.entransition.fr\/?page_id=1265\">Lire plus &#8230;<\/a><\/p>\n","protected":false},"author":2,"featured_media":0,"parent":0,"menu_order":0,"comment_status":"open","ping_status":"open","template":"","meta":{"footnotes":""},"class_list":["post-1265","page","type-page","status-publish","hentry"],"_links":{"self":[{"href":"https:\/\/stmacairestandre.entransition.fr\/index.php?rest_route=\/wp\/v2\/pages\/1265","targetHints":{"allow":["GET"]}}],"collection":[{"href":"https:\/\/stmacairestandre.entransition.fr\/index.php?rest_route=\/wp\/v2\/pages"}],"about":[{"href":"https:\/\/stmacairestandre.entransition.fr\/index.php?rest_route=\/wp\/v2\/types\/page"}],"author":[{"embeddable":true,"href":"https:\/\/stmacairestandre.entransition.fr\/index.php?rest_route=\/wp\/v2\/users\/2"}],"replies":[{"embeddable":true,"href":"https:\/\/stmacairestandre.entransition.fr\/index.php?rest_route=%2Fwp%2Fv2%2Fcomments&post=1265"}],"version-history":[{"count":5,"href":"https:\/\/stmacairestandre.entransition.fr\/index.php?rest_route=\/wp\/v2\/pages\/1265\/revisions"}],"predecessor-version":[{"id":1271,"href":"https:\/\/stmacairestandre.entransition.fr\/index.php?rest_route=\/wp\/v2\/pages\/1265\/revisions\/1271"}],"wp:attachment":[{"href":"https:\/\/stmacairestandre.entransition.fr\/index.php?rest_route=%2Fwp%2Fv2%2Fmedia&parent=1265"}],"curies":[{"name":"wp","href":"https:\/\/api.w.org\/{rel}","templated":true}]}}