{"id":1283,"date":"2013-04-01T20:49:52","date_gmt":"2013-04-01T19:49:52","guid":{"rendered":"https:\/\/stmacairestandre.entransition.fr\/?page_id=1283"},"modified":"2014-02-18T21:33:34","modified_gmt":"2014-02-18T20:33:34","slug":"charte-du-collectif","status":"publish","type":"page","link":"https:\/\/stmacairestandre.entransition.fr\/?page_id=1283","title":{"rendered":"Charte du collectif"},"content":{"rendered":"<h2>St MACAIRE \u2013 St ANDR\u00c9<br \/>en TRANSITION<\/h2>\n<p style=\"text-align: justify;\"><span style=\"text-decoration: underline;\">IDENTITE DU COLLECTIF<\/span><br \/>Nous sommes un collectif d&rsquo;habitants des communes de St Macaire en Mauges et de<br \/>St Andr\u00e9 de la Marche qui d\u00e9sire agir ici et maintenant pour se pr\u00e9parer \u00e0 la rar\u00e9faction des<br \/>ressources fossiles et min\u00e9rales, pr\u00e9venir les changements climatiques et donc anticiper une<br \/>relocalisation et une d\u00e9croissance in\u00e9luctable. En effet, la France consomme 70 % de ressources en<br \/>plus que ce qu&rsquo;elle produit1.<br \/>Notre collectif, \u00ab St Macaire \u2013 St Andr\u00e9 en Transition \u00bb, s&rsquo;inscrit dans le mouvement<br \/>international des \u00ab Villes et Territoires en Transition \u00bb (Transition Network\u00a92), r\u00e9seau cr\u00e9\u00e9 en<br \/>2007 au Royaume-Uni et aujourd&rsquo;hui pr\u00e9sent dans 34 pays. Nous sommes en lien avec les autres<br \/>collectifs fran\u00e7ais, notamment \u00ab Ouvrons les yeux \u2013 Roussay vers la Transition \u00bb et \u00ab Nantes en<br \/>Transition \u00bb.<\/p>\n<p><span style=\"text-decoration: underline;\">OBJET<\/span><\/p>\n<p style=\"text-align: justify;\">Nous voulons agir pour r\u00e9duire notre d\u00e9pendance aux \u00e9nergies fossiles et limiter le<br \/>r\u00e9chauffement climatique. Pour cela, il nous semble in\u00e9luctable d&rsquo;ouvrir notre collectif au plus grand<br \/>nombre afin de construire une vie locale plus r\u00e9siliente. On ne peut pas \u00eatre r\u00e9silient tout seul.<br \/>\u00ab Dans le domaine de l&rsquo;\u00e9cologie, le terme de r\u00e9silience fait r\u00e9f\u00e9rence \u00e0 la capacit\u00e9 d&rsquo;un<br \/>\u00e9co-syst\u00e8me \u00e0 s&rsquo;adapter \u00e0 des \u00e9v\u00e9nements (chocs) ext\u00e9rieurs et \u00e0 des changements<br \/>impos\u00e9s.[&#8230;] Dans le cas des communaut\u00e9s humaines, le mot renvoie \u00e0 leur capacit\u00e9 \u00e0<br \/>ne pas s&rsquo;effondrer au premier signe de p\u00e9nurie de p\u00e9trole ou de nourriture mais, au<br \/>contraire, \u00e0 r\u00e9agir \u00e0 ces crises en s&rsquo;adaptant. \u00bb3<\/p>\n<p><span style=\"color: #0000ff;\">Cr\u00e9ons l&rsquo;avenir que nous d\u00e9sirons, ne subissons pas un avenir contraint !<\/span><\/p>\n<p><span style=\"text-decoration: underline;\">BUTS<\/span><br \/>\uf02d Se pr\u00e9parer aux chocs \u00e0 venir et les amortir : augmentation des prix des \u00e9nergies, des<br \/>produits alimentaires, du transport \u2026<br \/>\uf02d S&rsquo;imaginer l&rsquo;avenir dans lequel nous d\u00e9sirons vivre et qui tienne compte de la finitude de<br \/>notre plan\u00e8te.<br \/>\uf02d Trouver et mettre en oeuvre des solutions nouvelles, concr\u00e8tes et adapt\u00e9es \u00e0 nos besoins<br \/>locaux : se nourrir, se d\u00e9placer, se loger, se chauffer, \u00e9changer&#8230;<\/p>\n<p><span style=\"text-decoration: underline;\">OBJECTIFS<\/span><br \/>\uf02d Sensibiliser sur les limites et la rar\u00e9faction des ressources, les changements climatiques et<br \/>leurs cons\u00e9quences.<br \/>\uf02d Tisser du lien et impliquer les habitants et d&rsquo;autres collectifs.<br \/>\uf02d Construire un mode nouveau d&rsquo;organisation et de d\u00e9cision bas\u00e9 sur le consentement ou le<br \/>consensus pour lib\u00e9rer l&rsquo;imagination collective et la cr\u00e9ativit\u00e9.<br \/>\uf02d Mettre en place des actions concr\u00e8tes pilot\u00e9es par des groupes de personnes impliqu\u00e9es.<br \/>\uf02d D\u00e9finir un Plan d&rsquo;Action de Descente \u00c9nerg\u00e9tique et de R\u00e9silience Locale avec les acteurs<br \/>locaux.<\/p>\n<p><span style=\"text-decoration: underline;\">VALEURS<\/span><\/p>\n<p>\uf02d Plaisir : Nous sommes libres de venir partager avec d\u2019autres.<br \/>\uf02d Egalit\u00e9 : Nous avons tous droit \u00e0 la dignit\u00e9 et \u00e0 la reconnaissance.<br \/>\uf02d Coop\u00e9ration : Nous partageons nos id\u00e9es, nos savoirs, nos savoir-faire et d\u00e9veloppons des<br \/>comp\u00e9tences et actions communes. Personne ne peut s\u2019approprier la production collective.<br \/>\uf02d Sobri\u00e9t\u00e9 : Nous cherchons \u00e0 \u00e9conomiser les ressources naturelles en vivant autrement ou<br \/>plus simplement.<br \/>\uf02d Ouverture : Nous avons la volont\u00e9 de ne pas rester \u00ab entre soi \u00bb. Toute personne partageant<br \/>les valeurs et les objectifs cit\u00e9s ci-dessus peut rejoindre le collectif.<\/p>\n<p><em>St Macaire \u2013 St Andr\u00e9 en Transition<\/em><\/p>\n<p>&nbsp;<\/p>\n<p>&nbsp;<\/p>\n","protected":false},"excerpt":{"rendered":"<p>St MACAIRE \u2013 St ANDR\u00c9en TRANSITION IDENTITE DU COLLECTIFNous sommes un collectif d&rsquo;habitants des communes de St Macaire en Mauges et deSt Andr\u00e9 de la Marche qui d\u00e9sire agir ici et maintenant pour se pr\u00e9parer \u00e0 la rar\u00e9faction desressources fossiles et min\u00e9rales, pr\u00e9venir les changements climatiques et donc anticiper unerelocalisation et une d\u00e9croissance in\u00e9luctable. En <a class=\"more-link\" href=\"https:\/\/stmacairestandre.entransition.fr\/?page_id=1283\">Lire plus &#8230;<\/a><\/p>\n","protected":false},"author":2,"featured_media":0,"parent":0,"menu_order":0,"comment_status":"open","ping_status":"open","template":"","meta":{"footnotes":""},"class_list":["post-1283","page","type-page","status-publish","hentry"],"_links":{"self":[{"href":"https:\/\/stmacairestandre.entransition.fr\/index.php?rest_route=\/wp\/v2\/pages\/1283","targetHints":{"allow":["GET"]}}],"collection":[{"href":"https:\/\/stmacairestandre.entransition.fr\/index.php?rest_route=\/wp\/v2\/pages"}],"about":[{"href":"https:\/\/stmacairestandre.entransition.fr\/index.php?rest_route=\/wp\/v2\/types\/page"}],"author":[{"embeddable":true,"href":"https:\/\/stmacairestandre.entransition.fr\/index.php?rest_route=\/wp\/v2\/users\/2"}],"replies":[{"embeddable":true,"href":"https:\/\/stmacairestandre.entransition.fr\/index.php?rest_route=%2Fwp%2Fv2%2Fcomments&post=1283"}],"version-history":[{"count":7,"href":"https:\/\/stmacairestandre.entransition.fr\/index.php?rest_route=\/wp\/v2\/pages\/1283\/revisions"}],"predecessor-version":[{"id":1388,"href":"https:\/\/stmacairestandre.entransition.fr\/index.php?rest_route=\/wp\/v2\/pages\/1283\/revisions\/1388"}],"wp:attachment":[{"href":"https:\/\/stmacairestandre.entransition.fr\/index.php?rest_route=%2Fwp%2Fv2%2Fmedia&parent=1283"}],"curies":[{"name":"wp","href":"https:\/\/api.w.org\/{rel}","templated":true}]}}