{"id":2,"date":"2011-02-26T14:43:44","date_gmt":"2011-02-26T14:43:44","guid":{"rendered":"http:\/\/www.nantes.transitionfrance.fr\/?page_id=2"},"modified":"2013-04-07T21:37:27","modified_gmt":"2013-04-07T20:37:27","slug":"a-propos","status":"publish","type":"page","link":"https:\/\/stmacairestandre.entransition.fr\/","title":{"rendered":"Accueil"},"content":{"rendered":"<p><a href=\"https:\/\/stmacairestandre.entransition.fr\/wp-content\/uploads\/2011\/02\/logo-st-macaire-st-andr\u00e9-en-transition1.jpg\"><img loading=\"lazy\" decoding=\"async\" class=\"alignleft  wp-image-1322\" alt=\"logo st macaire st andr\u00e9 en transition\" src=\"https:\/\/stmacairestandre.entransition.fr\/wp-content\/uploads\/2011\/02\/logo-st-macaire-st-andr\u00e9-en-transition1.jpg\" width=\"138\" height=\"121\" \/><\/a><\/p>\n<p><em><span style=\"font-size: 16px; text-align: justify; font-style: normal;\">Nous avons en commun le sentiment que ce monde marche sur la t\u00eate ! On nous a promis le bonheur en consommant toujours plus. Nous n&rsquo;avons trouv\u00e9 que frustration et d\u00e9pendance, individualisme et isolement, d\u00e9localisation et pr\u00e9carit\u00e9, destruction de notre plan\u00e8te-miracle et gaspillage des ressources.<\/span><\/em><\/p>\n<p>&nbsp;<\/p>\n<p>Tendez l&rsquo;oreille ! N&rsquo;entendez-vous pas ce chuchotement, ce bruissement ! C&rsquo;est le changement qui arrive ! Il ne vient pas d&rsquo;en haut, il arrive de partout ! L&rsquo;indignation est une \u00e9vidence, il faut commencer par dire NON ! Pourtant, ce non ne suffit pas, comme le r\u00e9volt\u00e9 de Camus, il nous faut aussi dire OUI ! Un grand OUI \u00e0 ce nouveau monde qui prend doucement place au coeur de l&rsquo;effondrement de l&rsquo;ancien monde. Contre la valeur (marchande), il nous faut d&rsquo;autres valeurs, celle de la Vie !<\/p>\n<p>Tous ceux qui savent tendre l&rsquo;oreille peuvent se rejoindre, se relier. Voil\u00e0 la Transition vers une vie plus simple, plus heureuse, plus humaine, faite de coop\u00e9ration, prenant acte de la finitude de nos ressources naturelles. Il ne s&rsquo;agit pas de r\u00e9gression mais de progr\u00e8s choisis sans d\u00e9nigrer les savoir-faire anciens qui peuvent \u00eatre utiles, voire n\u00e9cessaires.<\/p>\n<p>Nous sommes \u00e0 la fin d&rsquo;un monde et au d\u00e9but d&rsquo;un autre. Le mouvement Transition propose \u00e0 chacune et chacun de contribuer \u00e0 cette grande aventure&#8230;<\/p>\n<p style=\"text-align: justify;\"><a href=\"https:\/\/stmacairestandre.entransition.fr\/wp-content\/uploads\/2011\/02\/terre.jpg\"><img loading=\"lazy\" decoding=\"async\" class=\"size-full wp-image-1034 alignnone\" title=\"terre\" alt=\"\" src=\"https:\/\/stmacairestandre.entransition.fr\/wp-content\/uploads\/2011\/02\/terre.jpg\" width=\"498\" height=\"496\" srcset=\"https:\/\/stmacairestandre.entransition.fr\/wp-content\/uploads\/2011\/02\/terre.jpg 498w, https:\/\/stmacairestandre.entransition.fr\/wp-content\/uploads\/2011\/02\/terre-150x150.jpg 150w, https:\/\/stmacairestandre.entransition.fr\/wp-content\/uploads\/2011\/02\/terre-300x298.jpg 300w\" sizes=\"auto, (max-width: 498px) 100vw, 498px\" \/><\/a><\/p>\n<p>&nbsp;<\/p>\n<div>\n<div style=\"text-align: justify;\"><span style=\"font-size: small;\"><span style=\"line-height: 24px;\"><strong><br \/>\n<\/strong><\/span><\/span><\/div>\n<p style=\"text-align: justify;\">\n<p>&nbsp;<\/p>\n<p style=\"text-align: justify;\">\n<\/div>\n","protected":false},"excerpt":{"rendered":"<p>Nous avons en commun le sentiment que ce monde marche sur la t\u00eate ! On nous a promis le bonheur en consommant toujours plus. Nous n&rsquo;avons trouv\u00e9 que frustration et d\u00e9pendance, individualisme et isolement, d\u00e9localisation et pr\u00e9carit\u00e9, destruction de notre plan\u00e8te-miracle et gaspillage des ressources. &nbsp; Tendez l&rsquo;oreille ! N&rsquo;entendez-vous pas ce chuchotement, ce bruissement <a class=\"more-link\" href=\"https:\/\/stmacairestandre.entransition.fr\/\">Lire plus &#8230;<\/a><\/p>\n","protected":false},"author":3,"featured_media":0,"parent":0,"menu_order":0,"comment_status":"open","ping_status":"open","template":"","meta":{"footnotes":""},"class_list":["post-2","page","type-page","status-publish","hentry"],"_links":{"self":[{"href":"https:\/\/stmacairestandre.entransition.fr\/index.php?rest_route=\/wp\/v2\/pages\/2","targetHints":{"allow":["GET"]}}],"collection":[{"href":"https:\/\/stmacairestandre.entransition.fr\/index.php?rest_route=\/wp\/v2\/pages"}],"about":[{"href":"https:\/\/stmacairestandre.entransition.fr\/index.php?rest_route=\/wp\/v2\/types\/page"}],"author":[{"embeddable":true,"href":"https:\/\/stmacairestandre.entransition.fr\/index.php?rest_route=\/wp\/v2\/users\/3"}],"replies":[{"embeddable":true,"href":"https:\/\/stmacairestandre.entransition.fr\/index.php?rest_route=%2Fwp%2Fv2%2Fcomments&post=2"}],"version-history":[{"count":42,"href":"https:\/\/stmacairestandre.entransition.fr\/index.php?rest_route=\/wp\/v2\/pages\/2\/revisions"}],"predecessor-version":[{"id":640,"href":"https:\/\/stmacairestandre.entransition.fr\/index.php?rest_route=\/wp\/v2\/pages\/2\/revisions\/640"}],"wp:attachment":[{"href":"https:\/\/stmacairestandre.entransition.fr\/index.php?rest_route=%2Fwp%2Fv2%2Fmedia&parent=2"}],"curies":[{"name":"wp","href":"https:\/\/api.w.org\/{rel}","templated":true}]}}