{"id":672,"date":"2011-03-01T21:25:57","date_gmt":"2011-03-01T21:25:57","guid":{"rendered":"https:\/\/stmacairestandre.entransition.fr\/?page_id=672"},"modified":"2013-04-01T20:44:09","modified_gmt":"2013-04-01T19:44:09","slug":"le-rechauffement-climatique","status":"publish","type":"page","link":"https:\/\/stmacairestandre.entransition.fr\/?page_id=672","title":{"rendered":"Le r\u00e9chauffement climatique"},"content":{"rendered":"<p style=\"text-align: justify;\"><a href=\"https:\/\/stmacairestandre.entransition.fr\/wp-content\/uploads\/2011\/03\/07411_effet_serre-2011-03-15-18-53.jpg\"><img loading=\"lazy\" decoding=\"async\" class=\"alignright size-full wp-image-790\" title=\"07411_effet_serre-2011-03-15-18-53\" src=\"https:\/\/stmacairestandre.entransition.fr\/wp-content\/uploads\/2011\/03\/07411_effet_serre-2011-03-15-18-53.jpg\" alt=\"\" width=\"600\" height=\"456\" srcset=\"https:\/\/stmacairestandre.entransition.fr\/wp-content\/uploads\/2011\/03\/07411_effet_serre-2011-03-15-18-53.jpg 600w, https:\/\/stmacairestandre.entransition.fr\/wp-content\/uploads\/2011\/03\/07411_effet_serre-2011-03-15-18-53-300x228.jpg 300w\" sizes=\"auto, (max-width: 600px) 100vw, 600px\" \/><\/a><\/p>\n<p style=\"text-align: justify;\">Notre d\u00e9pendance au p\u00e9trole (ainsi qu&rsquo;aux autres \u00e9nergies fossiles) pr\u00e9sente un deuxi\u00e8me danger : celle d&rsquo;augmenter de mani\u00e8re progressive la quantit\u00e9 de gaz \u00e0 effet de serre dans notre atmosph\u00e8re et de contribuer au r\u00e9chauffement climatique avec toutes les cons\u00e9quences n\u00e9fastes pr\u00e9visibles : augmentation de la temp\u00e9rature terrestre, augmentation du niveau de la mer, \u00e9v\u00e8nements climatiques extr\u00eames, d\u00e9placement des maladies tropicales, perturbation des cycles biologiques, explosion du nombre de r\u00e9fugi\u00e9s climatiques. Limiter les cons\u00e9quences de ce r\u00e9chauffement n\u00e9cessitent en France une diminution par 4 de nos \u00e9missions.<\/p>\n<p style=\"text-align: justify;\">Outils pour \u00e9valuer o\u00f9 nous en sommes sur un plan individuel et accompagner aux changements n\u00e9cessaires :<\/p>\n<p><a href=\"http:\/\/www2.ademe.fr\/servlet\/KBaseShow?sort=-1&amp;cid=13419&amp;m=3&amp;catid=21234\">http:\/\/www2.ademe.fr\/servlet\/KBaseShow?sort=-1&amp;cid=13419&amp;m=3&amp;catid=21234<\/a><\/p>\n<p><a href=\"http:\/\/www.calculateurcarbone.org\/\">http:\/\/www.calculateurcarbone.org\/<\/a><\/p>\n","protected":false},"excerpt":{"rendered":"<p>Notre d\u00e9pendance au p\u00e9trole (ainsi qu&rsquo;aux autres \u00e9nergies fossiles) pr\u00e9sente un deuxi\u00e8me danger : celle d&rsquo;augmenter de mani\u00e8re progressive la quantit\u00e9 de gaz \u00e0 effet de serre dans notre atmosph\u00e8re et de contribuer au r\u00e9chauffement climatique avec toutes les cons\u00e9quences n\u00e9fastes pr\u00e9visibles : augmentation de la temp\u00e9rature terrestre, augmentation du niveau de la mer, \u00e9v\u00e8nements <a class=\"more-link\" href=\"https:\/\/stmacairestandre.entransition.fr\/?page_id=672\">Lire plus &#8230;<\/a><\/p>\n","protected":false},"author":2,"featured_media":0,"parent":0,"menu_order":0,"comment_status":"open","ping_status":"open","template":"","meta":{"footnotes":""},"class_list":["post-672","page","type-page","status-publish","hentry"],"_links":{"self":[{"href":"https:\/\/stmacairestandre.entransition.fr\/index.php?rest_route=\/wp\/v2\/pages\/672","targetHints":{"allow":["GET"]}}],"collection":[{"href":"https:\/\/stmacairestandre.entransition.fr\/index.php?rest_route=\/wp\/v2\/pages"}],"about":[{"href":"https:\/\/stmacairestandre.entransition.fr\/index.php?rest_route=\/wp\/v2\/types\/page"}],"author":[{"embeddable":true,"href":"https:\/\/stmacairestandre.entransition.fr\/index.php?rest_route=\/wp\/v2\/users\/2"}],"replies":[{"embeddable":true,"href":"https:\/\/stmacairestandre.entransition.fr\/index.php?rest_route=%2Fwp%2Fv2%2Fcomments&post=672"}],"version-history":[{"count":7,"href":"https:\/\/stmacairestandre.entransition.fr\/index.php?rest_route=\/wp\/v2\/pages\/672\/revisions"}],"predecessor-version":[{"id":789,"href":"https:\/\/stmacairestandre.entransition.fr\/index.php?rest_route=\/wp\/v2\/pages\/672\/revisions\/789"}],"wp:attachment":[{"href":"https:\/\/stmacairestandre.entransition.fr\/index.php?rest_route=%2Fwp%2Fv2%2Fmedia&parent=672"}],"curies":[{"name":"wp","href":"https:\/\/api.w.org\/{rel}","templated":true}]}}