{"id":678,"date":"2011-03-01T22:16:16","date_gmt":"2011-03-01T22:16:16","guid":{"rendered":"https:\/\/stmacairestandre.entransition.fr\/?page_id=678"},"modified":"2013-04-01T20:43:53","modified_gmt":"2013-04-01T19:43:53","slug":"la-globalisation-economique","status":"publish","type":"page","link":"https:\/\/stmacairestandre.entransition.fr\/?page_id=678","title":{"rendered":"L&rsquo;\u00e9conomie au service de la finance"},"content":{"rendered":"<p style=\"text-align: justify;\">La crise \u00e9conomique de 2008 laisse encore ses traces dans l&rsquo;\u00e9conomie r\u00e9elle, l&rsquo;augmentation de la pr\u00e9carit\u00e9 et du ch\u00f4mage faisant face aux profits astronomiques du monde de la finance. La finance avait \u00e9t\u00e9 cr\u00e9\u00e9e pour servir le d\u00e9veloppement \u00e9conomique, aujourd&rsquo;hui il est devenu \u00e9vident \u00e0 tous qu&rsquo;elle fonctionne non seulement pour elle-m\u00eame et peut, comble de la monstruosit\u00e9, d\u00e9truire l&rsquo;\u00e9conomie r\u00e9elle qui permet \u00e0 tant de gens de gagner p\u00e9niblement son pain quotidien.<\/p>\n<p style=\"text-align: justify;\">Le film d&rsquo;animation r\u00e9alis\u00e9 par l&rsquo;artiste et vid\u00e9ographe Paul GRIGNON, \u00ab\u00a0L&rsquo;argent-dette\u00a0\u00bb, a le m\u00e9rite d&rsquo;expliquer de mani\u00e8re assez simple l&rsquo;origine de l&rsquo;argent et de la finance, et de nous d\u00e9crire la folie dans laquelle notre monde est plong\u00e9e&#8230;<\/p>\n<p><a href=\"http:\/\/vimeo.com\/1711304\">L&rsquo;Argent Dette de Paul Grignon (Money as Debt FR)<\/a> from <a href=\"http:\/\/vimeo.com\/user742226\">Bankster<\/a> on <a href=\"http:\/\/vimeo.com\">Vimeo<\/a>.<\/p>\n","protected":false},"excerpt":{"rendered":"<p>La crise \u00e9conomique de 2008 laisse encore ses traces dans l&rsquo;\u00e9conomie r\u00e9elle, l&rsquo;augmentation de la pr\u00e9carit\u00e9 et du ch\u00f4mage faisant face aux profits astronomiques du monde de la finance. La finance avait \u00e9t\u00e9 cr\u00e9\u00e9e pour servir le d\u00e9veloppement \u00e9conomique, aujourd&rsquo;hui il est devenu \u00e9vident \u00e0 tous qu&rsquo;elle fonctionne non seulement pour elle-m\u00eame et peut, comble <a class=\"more-link\" href=\"https:\/\/stmacairestandre.entransition.fr\/?page_id=678\">Lire plus &#8230;<\/a><\/p>\n","protected":false},"author":2,"featured_media":0,"parent":0,"menu_order":0,"comment_status":"open","ping_status":"open","template":"","meta":{"footnotes":""},"class_list":["post-678","page","type-page","status-publish","hentry"],"_links":{"self":[{"href":"https:\/\/stmacairestandre.entransition.fr\/index.php?rest_route=\/wp\/v2\/pages\/678","targetHints":{"allow":["GET"]}}],"collection":[{"href":"https:\/\/stmacairestandre.entransition.fr\/index.php?rest_route=\/wp\/v2\/pages"}],"about":[{"href":"https:\/\/stmacairestandre.entransition.fr\/index.php?rest_route=\/wp\/v2\/types\/page"}],"author":[{"embeddable":true,"href":"https:\/\/stmacairestandre.entransition.fr\/index.php?rest_route=\/wp\/v2\/users\/2"}],"replies":[{"embeddable":true,"href":"https:\/\/stmacairestandre.entransition.fr\/index.php?rest_route=%2Fwp%2Fv2%2Fcomments&post=678"}],"version-history":[{"count":8,"href":"https:\/\/stmacairestandre.entransition.fr\/index.php?rest_route=\/wp\/v2\/pages\/678\/revisions"}],"predecessor-version":[{"id":738,"href":"https:\/\/stmacairestandre.entransition.fr\/index.php?rest_route=\/wp\/v2\/pages\/678\/revisions\/738"}],"wp:attachment":[{"href":"https:\/\/stmacairestandre.entransition.fr\/index.php?rest_route=%2Fwp%2Fv2%2Fmedia&parent=678"}],"curies":[{"name":"wp","href":"https:\/\/api.w.org\/{rel}","templated":true}]}}