{"id":681,"date":"2011-03-01T22:17:26","date_gmt":"2011-03-01T22:17:26","guid":{"rendered":"https:\/\/stmacairestandre.entransition.fr\/?page_id=681"},"modified":"2013-04-01T20:45:02","modified_gmt":"2013-04-01T19:45:02","slug":"une-solution-la-resilience","status":"publish","type":"page","link":"https:\/\/stmacairestandre.entransition.fr\/?page_id=681","title":{"rendered":"La r\u00e9silience locale"},"content":{"rendered":"<p style=\"text-align: justify;\"><a href=\"https:\/\/stmacairestandre.entransition.fr\/wp-content\/uploads\/2011\/03\/nature1.jpeg\"><img loading=\"lazy\" decoding=\"async\" class=\"alignright size-full wp-image-811\" title=\"nature\" src=\"https:\/\/stmacairestandre.entransition.fr\/wp-content\/uploads\/2011\/03\/nature1.jpeg\" alt=\"\" width=\"284\" height=\"177\" \/><\/a>La r\u00e9silience est abord\u00e9e dans le mouvement transition sous l&rsquo;angle \u00e9cologique. Il s&rsquo;agit de la capacit\u00e9 d&rsquo;un \u00e9cosyst\u00e8me \u00e0 s&rsquo;adapter \u00e0 des \u00e9v\u00e8nements (chocs) ext\u00e9rieurs et \u00e0 des changements impos\u00e9s. Ainsi, pour notre territoire, dans un contexte d&rsquo;explosion du co\u00fbt du p\u00e9trole, ou au pire face \u00e0 une p\u00e9nurie, il s&rsquo;agit de pr\u00e9voir une organisation humaine capable d&rsquo;encaisser le choc et diminuer la crise \u00e9conomique et sociale qui en r\u00e9sulterait.<\/p>\n<p style=\"text-align: justify;\">Ainsi, il s&rsquo;agit de continuer au niveau local \u00e0 assurer les besoins vitaux des habitants \u00e0 long terme, et donc n\u00e9cessairement en pr\u00e9servant les ressources et la biodiversit\u00e9. Il ne s&rsquo;agit donc pas de rompre avec la modernit\u00e9 et, plut\u00f4t, de r\u00e9apprendre les comp\u00e9tences n\u00e9cessaires \u00e0 la vie quotidienne dans un monde avec moins d&rsquo;\u00e9nergie (la grande requalification) tout en d\u00e9veloppant des solutions humaines et technologiques innovantes qui respectent la vie.<\/p>\n<p style=\"text-align: justify;\">Pour autant, la r\u00e9silience locale a \u00e9t\u00e9 mise \u00e0 mal par la globalisation de l&rsquo;\u00e9conomie. Il est donc n\u00e9cessaire de recr\u00e9er ou d&rsquo;imaginer de nouvelles solutions. Le concept de transition propose aux citoyens de s&rsquo;auto-organiser. Seul, nous ne pouvons rien. Les pouvoirs publics sont souvent emp\u00eatr\u00e9s dans leur propre logique du court-terme et de la concurrence avec les autres territoires. Les habitants d&rsquo;un territoire connaissent eux-m\u00eames leurs besoins, peuvent se retrouver pour mettre en commun leurs besoins et imaginer ensemble des solutions simples, r\u00e9silientes, conviviales, avec moins d&rsquo;\u00e9nergie et respectueuses de notre milieu de vie.<\/p>\n<p style=\"text-align: justify;\">La r\u00e9silience locale, c&rsquo;est maintenant qu&rsquo;il faut la construire, pas quand l&rsquo;augmentation de la mati\u00e8re premi\u00e8re, le p\u00e9trole, entra\u00eenera toutes notre \u00e9conomie dans une spirale des prix en hausse, de l&rsquo;inflation permanente. Le mouvement transition ne pr\u00e9conise pas l&rsquo;autarcie, ni le repli sur soi, il propose au contraire l&rsquo;ouverture aux autres, la croissance d&rsquo;une autonomie reli\u00e9e aux territoires voisins.\u00a0 Il propose la mise en oeuvre d&rsquo;une d\u00e9croissance \u00e9nerg\u00e9tique, joyeuse et conviviale, avant que nous vienne une d\u00e9croissance subie et triste.<\/p>\n<p style=\"text-align: justify;\">En une phrase : la r\u00e9silience invite \u00e0 sortir du \u00ab\u00a0moi, j&rsquo;y peux rien !\u00a0\u00bb et du \u00ab\u00a0nos gouvernants trouveront bien des solutions si vraiment il y a un probl\u00e8me !\u00a0\u00bb pour \u00ab\u00a0Allez, ensemble, on prend nos responsabilit\u00e9s de citoyens et on retrousse ses manches, et dans la bonne humeur, pour pr\u00e9parer la soci\u00e9t\u00e9 de demain, pour nous et pour nos enfants !\u00a0\u00bb&#8230;<\/p>\n<p style=\"text-align: justify;\">\n<p style=\"text-align: justify;\">\n","protected":false},"excerpt":{"rendered":"<p>La r\u00e9silience est abord\u00e9e dans le mouvement transition sous l&rsquo;angle \u00e9cologique. Il s&rsquo;agit de la capacit\u00e9 d&rsquo;un \u00e9cosyst\u00e8me \u00e0 s&rsquo;adapter \u00e0 des \u00e9v\u00e8nements (chocs) ext\u00e9rieurs et \u00e0 des changements impos\u00e9s. Ainsi, pour notre territoire, dans un contexte d&rsquo;explosion du co\u00fbt du p\u00e9trole, ou au pire face \u00e0 une p\u00e9nurie, il s&rsquo;agit de pr\u00e9voir une organisation <a class=\"more-link\" href=\"https:\/\/stmacairestandre.entransition.fr\/?page_id=681\">Lire plus &#8230;<\/a><\/p>\n","protected":false},"author":2,"featured_media":0,"parent":0,"menu_order":0,"comment_status":"open","ping_status":"open","template":"","meta":{"footnotes":""},"class_list":["post-681","page","type-page","status-publish","hentry"],"_links":{"self":[{"href":"https:\/\/stmacairestandre.entransition.fr\/index.php?rest_route=\/wp\/v2\/pages\/681","targetHints":{"allow":["GET"]}}],"collection":[{"href":"https:\/\/stmacairestandre.entransition.fr\/index.php?rest_route=\/wp\/v2\/pages"}],"about":[{"href":"https:\/\/stmacairestandre.entransition.fr\/index.php?rest_route=\/wp\/v2\/types\/page"}],"author":[{"embeddable":true,"href":"https:\/\/stmacairestandre.entransition.fr\/index.php?rest_route=\/wp\/v2\/users\/2"}],"replies":[{"embeddable":true,"href":"https:\/\/stmacairestandre.entransition.fr\/index.php?rest_route=%2Fwp%2Fv2%2Fcomments&post=681"}],"version-history":[{"count":18,"href":"https:\/\/stmacairestandre.entransition.fr\/index.php?rest_route=\/wp\/v2\/pages\/681\/revisions"}],"predecessor-version":[{"id":1280,"href":"https:\/\/stmacairestandre.entransition.fr\/index.php?rest_route=\/wp\/v2\/pages\/681\/revisions\/1280"}],"wp:attachment":[{"href":"https:\/\/stmacairestandre.entransition.fr\/index.php?rest_route=%2Fwp%2Fv2%2Fmedia&parent=681"}],"curies":[{"name":"wp","href":"https:\/\/api.w.org\/{rel}","templated":true}]}}